{"id":1182,"date":"2022-06-05T18:25:53","date_gmt":"2022-06-05T21:25:53","guid":{"rendered":"http:\/\/www.petlif.ufscar.br\/?page_id=1182"},"modified":"2022-06-05T18:29:38","modified_gmt":"2022-06-05T21:29:38","slug":"fenix-brilhante-uma-resenha","status":"publish","type":"page","link":"https:\/\/www.petlif.ufscar.br\/?page_id=1182","title":{"rendered":"F\u00eanix Brilhante &#8211; Uma Resenha"},"content":{"rendered":"\n<div class=\"wp-block-themeisle-blocks-advanced-columns has-1-columns has-desktop-equal-layout has-tablet-equal-layout has-mobile-equal-layout has-default-gap has-vertical-unset\" id=\"wp-block-themeisle-blocks-advanced-columns-3ce689f5\"><div class=\"wp-block-themeisle-blocks-advanced-columns-overlay\"><\/div><div class=\"innerblocks-wrap\">\n<div class=\"wp-block-themeisle-blocks-advanced-column\" id=\"wp-block-themeisle-blocks-advanced-column-078fd464\">\n<p><em>\u201cVi milhares de pessoas entrando na biblioteca esfomeadas e saindo dela bem alimentados. Vi pessoas perdidas se encontrarem. Vi realistas sonharem e sonhadores acordarem nesse santu\u00e1rio de m\u00e1rmore onde o sil\u00eancio era o marcador de cada livro\u201d.<\/em><\/p>\n\n\n\n<p>A nossa esp\u00e9cie surgiu h\u00e1 cerca de 200 mil anos na \u00c1frica Oriental, resultante de um processo evolutivo milenar e complexo que \u00e9 estudado ainda nos dias de hoje.&nbsp; O nome cient\u00edfico dado para a nossa esp\u00e9cie significa, traduzindo livremente do latim, \u201co homem s\u00e1bio\u201d, o que \u00e9 bastante conveniente. No entanto, o conhecimento acumulado pelo <em>homo sapiens<\/em> fora poss\u00edvel principalmente por conta da nossa habilidade de registrar ideias, costumes, cultura, conhecimento, fen\u00f3tipo e gen\u00f3tipo. Tal denomina\u00e7\u00e3o de \u201co s\u00e1bio\u201d tem as suas justificativas: n\u00f3s somos seres que se desenvolveram de formas distintas das demais esp\u00e9cies de animais da Terra, pois passamos por tr\u00eas grandes revolu\u00e7\u00f5es. A primeira foi a cognitiva que nos permitiu, dentre outras coisas, a entender abstra\u00e7\u00f5es e a formar mem\u00f3rias. A segunda consiste na agr\u00edcola, a qual foi importante para juntar-nos em comunidades maiores e dedicar nosso tempo para a inova\u00e7\u00e3o. Fatalmente, o \u00faltimo ainda em processo \u00e9 a cient\u00edfica em que est\u00e1 proporcionando a maioria das coisas que estamos conhecendo hoje, desde os benef\u00edcios at\u00e9 os malef\u00edcios.<\/p>\n\n\n\n<p>Afinal, o que tudo isso tem a ver com o conto desta resenha? F\u00eanix Brilhante trata sobre o conhecimento adquirido ao longo da hist\u00f3ria da humanidade, com cita\u00e7\u00f5es de v\u00e1rios pensadores e hist\u00f3rias em uma ambienta\u00e7\u00e3o ca\u00f3tica onde uma biblioteca est\u00e1 sendo atacada pelo ex\u00e9rcito do pa\u00eds. Esse ambiente at\u00edpico serve como pano de fundo para passar a mensagem de uma sociedade que \u00e9 ideal e, sobretudo, leitora. Esse ataque \u00e0 biblioteca \u00e9 ignorada pela grande maioria das personagens do conto; os leitores presentes na biblioteca durante o an\u00fancio do ataque assustaram-se, mas continuaram a sua leitura.<\/p>\n\n\n\n<p>A ideia que pasma durante a narrativa \u00e9 a tranquilidade que todas as personagens t\u00eam, exceto os membros do ex\u00e9rcito, diante do ataque eminente \u00e0quilo que os parecem ser mais valioso: o livro. No entanto, conforme o enredo sucede, \u00e9 poss\u00edvel perceber que a tranquilidade diante da arruina\u00e7\u00e3o anunciada pelo governo n\u00e3o se trata dos livros ou da biblioteca, mas sim das ideias que neles se encontram. Assim como descrevi v\u00e1rias informa\u00e7\u00f5es no come\u00e7o desta resenha, uma outra pessoa, ou at\u00e9 mesmo uma personagem desse conto, poderia fazer o mesmo sobre os mais diversos assuntos, como astronomia, biologia, culin\u00e1ria, etc. Por\u00e9m, \u00e9 fundamentalmente necess\u00e1rio que tanto eu quanto essa outra pessoa ou personagem tenha lido antes de faz\u00ea-lo. Acredito que seja por isso que a tranquilidade est\u00e1 presente nas personagens, isto significa,&nbsp; mais do que conhecer as ideias que est\u00e3o nos registros, \u00e9 n\u00f3s mesmos tornarmos os registros dessas ideias, pois, assim, as ideias tornam-se imortais, muito embora os registros n\u00e3o sejam, porque esses, isto \u00e9, n\u00f3s somos infelizmente ef\u00eameros. Essa ideia fica expl\u00edcita ao fazer a leitura do conto e conforme conhecemos melhor as personagens.<\/p>\n\n\n\n<p>Por fim, durante a narrativa, essa perspectiva de n\u00f3s sermos os livros que registram as ideias fica evidente e traz essa reflex\u00e3o maravilhosa consigo. Desse modo, \u00e9 poss\u00edvel notar que as pessoas do conto leem diversificadamente, de forma que, em um todo, nada est\u00e1 perdido, ainda que os registros em pap\u00e9is tenham sido queimados. Portanto, acredito que seja dessa forma que o conto traduz a met\u00e1fora do conhecimento ressurgir das cinzas resultantes das queimas dos livros; assim como uma f\u00eanix brilhante.<\/p>\n<\/div>\n<\/div><\/div>\n","protected":false},"excerpt":{"rendered":"","protected":false},"author":1,"featured_media":0,"parent":0,"menu_order":0,"comment_status":"closed","ping_status":"closed","template":"","meta":[],"_links":{"self":[{"href":"https:\/\/www.petlif.ufscar.br\/index.php?rest_route=\/wp\/v2\/pages\/1182"}],"collection":[{"href":"https:\/\/www.petlif.ufscar.br\/index.php?rest_route=\/wp\/v2\/pages"}],"about":[{"href":"https:\/\/www.petlif.ufscar.br\/index.php?rest_route=\/wp\/v2\/types\/page"}],"author":[{"embeddable":true,"href":"https:\/\/www.petlif.ufscar.br\/index.php?rest_route=\/wp\/v2\/users\/1"}],"replies":[{"embeddable":true,"href":"https:\/\/www.petlif.ufscar.br\/index.php?rest_route=%2Fwp%2Fv2%2Fcomments&post=1182"}],"version-history":[{"count":1,"href":"https:\/\/www.petlif.ufscar.br\/index.php?rest_route=\/wp\/v2\/pages\/1182\/revisions"}],"predecessor-version":[{"id":1184,"href":"https:\/\/www.petlif.ufscar.br\/index.php?rest_route=\/wp\/v2\/pages\/1182\/revisions\/1184"}],"wp:attachment":[{"href":"https:\/\/www.petlif.ufscar.br\/index.php?rest_route=%2Fwp%2Fv2%2Fmedia&parent=1182"}],"curies":[{"name":"wp","href":"https:\/\/api.w.org\/{rel}","templated":true}]}}