{"id":1187,"date":"2022-06-05T18:30:24","date_gmt":"2022-06-05T21:30:24","guid":{"rendered":"http:\/\/www.petlif.ufscar.br\/?page_id=1187"},"modified":"2022-06-05T18:30:24","modified_gmt":"2022-06-05T21:30:24","slug":"o-vingador-do-futuro","status":"publish","type":"page","link":"https:\/\/www.petlif.ufscar.br\/?page_id=1187","title":{"rendered":"O Vingador do Futuro"},"content":{"rendered":"\n<div class=\"wp-block-themeisle-blocks-advanced-columns has-1-columns has-desktop-equal-layout has-tablet-equal-layout has-mobile-equal-layout has-default-gap has-vertical-unset\" id=\"wp-block-themeisle-blocks-advanced-columns-d4d17e58\"><div class=\"wp-block-themeisle-blocks-advanced-columns-overlay\"><\/div><div class=\"innerblocks-wrap\">\n<div class=\"wp-block-themeisle-blocks-advanced-column\" id=\"wp-block-themeisle-blocks-advanced-column-084f3ca1\">\n<p><em>O Vingador do Futuro<\/em> (<em>Total Recall<\/em>, no original em ingl\u00eas) \u00e9 um filme de 1990, dirigido por Paul Verhoeven (<em>RoboCop<\/em>, 1987) e com Arnold Schwarzenegger no papel principal. O filme, vagamente baseado num conto de Philip K. Dick (autor de <em>O Homem no Castelo Alto<\/em> e <em>Androides Sonham com Ovelhas El\u00e9tricas?<\/em>), se passa no ano de 2084 e conta a hist\u00f3ria de Douglas Quaid (Schwarzenegger), um oper\u00e1rio que, ap\u00f3s acordar de um sonho no qual estava em Marte, prop\u00f5e \u00e0 sua esposa uma viagem para o Planeta Vermelho.<\/p>\n\n\n\n<p>Lori Quaid (Sharon Stone), esposa de Doug, recusa a ideia de uma viagem interplanet\u00e1ria e Doug decide fazer um implante totalmente realista de mem\u00f3ria de uma viagem a Marte como um soldado\/agente secreto. No processo, algo sai errado e Douglas perde o controle e parece ter mem\u00f3rias de um veterano de guerra, mesmo que o implante ainda n\u00e3o tenha sido feito.<\/p>\n\n\n\n<p>Com isso, a problem\u00e1tica do filme se estabelece: Douglas Quaid come\u00e7a a se lembrar de coisas que acredita n\u00e3o ter vivido, afinal, acredita ser um trabalhador casado h\u00e1 anos. Assim, perseguido por mem\u00f3rias e pessoas de um passado desconhecido, Douglas descobre ser, na verdade, um agente secreto chamado Carl Hauser e recebe instru\u00e7\u00f5es \u201cde si pr\u00f3prio\u201d ou de seu <em>alter ego<\/em> para viajar a Marte e descobrir o motivo pelo qual Hauser teve sua mem\u00f3ria apagada e sua identidade, trocada.<\/p>\n\n\n\n<p>Sendo um dos filmes de maior or\u00e7amento na \u00e9poca em que foi lan\u00e7ado e vencedor de um Oscar por seus efeitos visuais, o filme de a\u00e7\u00e3o e fic\u00e7\u00e3o cient\u00edfica cria ambientes futuristas e uma bela representa\u00e7\u00e3o do Planeta Vermelho, fazendo bom uso dos recursos dispon\u00edveis na d\u00e9cada de 90. Assim cria, junto com os implantes de mem\u00f3ria, uma ideia dos avan\u00e7os cient\u00edficos quase um s\u00e9culo depois da grava\u00e7\u00e3o do filme \u2013 de maneira similar a <em>De Volta Para o Futuro<\/em> (1985) \u2013 al\u00e9m de evidenciar o papel crescente da ci\u00eancia no cotidiano dos personagens.<\/p>\n\n\n\n<p>Ainda, o filme de Verhoeven engatilha debates que ligam identidade e mem\u00f3ria, conforme acompanhamos a jornada de Quaid para devolver seu corpo a uma outra personalidade. \u00c9 interessante notar a forma como as no\u00e7\u00f5es de identidade s\u00e3o postas no filme. Se, por um lado, Quaid preserva o sentimento de Hauser por Melina (Rachel Ticotin), rejeitando quase imediatamente as falsas mem\u00f3rias de um casamento duradouro com Lori, por outro lado, n\u00e3o preserva a alian\u00e7a de Hauser com uma organiza\u00e7\u00e3o corrupta. Dessa forma, al\u00e9m de recusar entregar seu corpo a algu\u00e9m que nunca conheceu, Quaid reivindica sua identidade e, junto com Melina, se op\u00f5e ao grupo do qual, um dia, fez parte.<\/p>\n\n\n\n<p>Por fim, a principal mensagem que o filme traz \u2013 somada \u00e0 sua vis\u00e3o futurista e o papel da ci\u00eancia na sociedade \u2013 fica evidenciada na frase dita por um dos personagens: \u201cO homem define-se por suas a\u00e7\u00f5es, n\u00e3o por suas mem\u00f3rias\u201d.<\/p>\n<\/div>\n<\/div><\/div>\n","protected":false},"excerpt":{"rendered":"","protected":false},"author":1,"featured_media":0,"parent":0,"menu_order":0,"comment_status":"closed","ping_status":"closed","template":"","meta":[],"_links":{"self":[{"href":"https:\/\/www.petlif.ufscar.br\/index.php?rest_route=\/wp\/v2\/pages\/1187"}],"collection":[{"href":"https:\/\/www.petlif.ufscar.br\/index.php?rest_route=\/wp\/v2\/pages"}],"about":[{"href":"https:\/\/www.petlif.ufscar.br\/index.php?rest_route=\/wp\/v2\/types\/page"}],"author":[{"embeddable":true,"href":"https:\/\/www.petlif.ufscar.br\/index.php?rest_route=\/wp\/v2\/users\/1"}],"replies":[{"embeddable":true,"href":"https:\/\/www.petlif.ufscar.br\/index.php?rest_route=%2Fwp%2Fv2%2Fcomments&post=1187"}],"version-history":[{"count":1,"href":"https:\/\/www.petlif.ufscar.br\/index.php?rest_route=\/wp\/v2\/pages\/1187\/revisions"}],"predecessor-version":[{"id":1188,"href":"https:\/\/www.petlif.ufscar.br\/index.php?rest_route=\/wp\/v2\/pages\/1187\/revisions\/1188"}],"wp:attachment":[{"href":"https:\/\/www.petlif.ufscar.br\/index.php?rest_route=%2Fwp%2Fv2%2Fmedia&parent=1187"}],"curies":[{"name":"wp","href":"https:\/\/api.w.org\/{rel}","templated":true}]}}