{"id":1194,"date":"2022-06-28T22:15:19","date_gmt":"2022-06-29T01:15:19","guid":{"rendered":"http:\/\/www.petlif.ufscar.br\/?page_id=1194"},"modified":"2022-06-28T22:15:19","modified_gmt":"2022-06-29T01:15:19","slug":"akira1988","status":"publish","type":"page","link":"https:\/\/www.petlif.ufscar.br\/?page_id=1194","title":{"rendered":"AKIRA(1988)"},"content":{"rendered":"\n<div class=\"wp-block-themeisle-blocks-advanced-columns has-1-columns has-desktop-equal-layout has-tablet-equal-layout has-mobile-equal-layout has-default-gap has-vertical-unset\" id=\"wp-block-themeisle-blocks-advanced-columns-028fab44\"><div class=\"wp-block-themeisle-blocks-advanced-columns-overlay\"><\/div><div class=\"innerblocks-wrap\">\n<div class=\"wp-block-themeisle-blocks-advanced-column\" id=\"wp-block-themeisle-blocks-advanced-column-7dd11fc6\">\n<p>Akira \u00e9 um cl\u00e1ssico do mundo Geek e refer\u00eancia quando pensamos em mundos dist\u00f3picos Cyberpunks. O Filme de 1988, adapta\u00e7\u00e3o do mang\u00e1 de Katsuhiro Otomo, rompeu barreiras geogr\u00e1ficas, chamando aten\u00e7\u00e3o do ocidente para os Animes. Para al\u00e9m disso, a qualidade t\u00e9cnica das anima\u00e7\u00f5es tornou essa obra uma refer\u00eancia no quesito formato de anima\u00e7\u00e3o.<\/p>\n\n\n\n<p>A hist\u00f3ria se passa em Neo-T\u00f3quio, constru\u00edda nas ru\u00ednas de uma cidade devastada durante a III Guerra Mundial, e mostra a vida de uma gangue de motociclistas do Ensino M\u00e9dio, dentre eles Kaneda e Tetsuo s\u00e3o os que mais se destacam.<\/p>\n\n\n\n<p>Kaneda \u00e9 L\u00edder da gangue e no in\u00edcio da hist\u00f3ria enfrenta uma gangue rival. Seu amigo Tetsuo sofre um acidente e \u00e9 recolhido pelo governo e for\u00e7ado a passar por experimentos em seu corpo. O que ningu\u00e9m esperava era que esses testes fossem despertar coisas ocultas em seu corpo, que desencadeiam trag\u00e9dias e conflitos para seus colegas de gangue e inseguran\u00e7a para Neo-T\u00f3quio.<\/p>\n\n\n\n<p><strong>Nas entrelinhas&nbsp;<\/strong><\/p>\n\n\n\n<p>Akira \u00e9 um filme muito complexo, mas a conota\u00e7\u00e3o mais evidente da obra \u00e9 a degrada\u00e7\u00e3o social, em virtude dos grandes avan\u00e7os tecnol\u00f3gicos, algo muito presente em obras sci-fi cyberpunk. Al\u00e9m disso, quest\u00f5es como o abandono do estado, culto b\u00e9lico, e o n\u00e3o pertencimento \u00e0quela sociedade dist\u00f3pica permeiam a obra.<\/p>\n\n\n\n<p>Todo esse panorama \u00e9 ideal para o surgimento de regimes fascistas, algo muito bem representado na obra. O obscurantismo tamb\u00e9m est\u00e1 muito presente na obra, pois a popula\u00e7\u00e3o que vive em uma grande desigualdade acredita na figura messi\u00e2nica de \u201cAkira\u201d, que seria o \u00fanico her\u00f3i capaz de lutar contra aquele regime.&nbsp;<\/p>\n\n\n\n<p>Mesmo com a minha interpreta\u00e7\u00e3o, convido voc\u00ea leitor a conferir essa magn\u00edfica obra e tirar suas conclus\u00f5es. Vale salientar tamb\u00e9m que o mang\u00e1 se difere muito do filme, ent\u00e3o, eu recomendo fortemente que o leia.<\/p>\n<\/div>\n<\/div><\/div>\n\n\n\n<p>assinado: Luan<\/p>\n","protected":false},"excerpt":{"rendered":"<p>assinado: Luan<\/p>\n","protected":false},"author":1,"featured_media":0,"parent":0,"menu_order":0,"comment_status":"closed","ping_status":"closed","template":"","meta":[],"_links":{"self":[{"href":"https:\/\/www.petlif.ufscar.br\/index.php?rest_route=\/wp\/v2\/pages\/1194"}],"collection":[{"href":"https:\/\/www.petlif.ufscar.br\/index.php?rest_route=\/wp\/v2\/pages"}],"about":[{"href":"https:\/\/www.petlif.ufscar.br\/index.php?rest_route=\/wp\/v2\/types\/page"}],"author":[{"embeddable":true,"href":"https:\/\/www.petlif.ufscar.br\/index.php?rest_route=\/wp\/v2\/users\/1"}],"replies":[{"embeddable":true,"href":"https:\/\/www.petlif.ufscar.br\/index.php?rest_route=%2Fwp%2Fv2%2Fcomments&post=1194"}],"version-history":[{"count":2,"href":"https:\/\/www.petlif.ufscar.br\/index.php?rest_route=\/wp\/v2\/pages\/1194\/revisions"}],"predecessor-version":[{"id":1196,"href":"https:\/\/www.petlif.ufscar.br\/index.php?rest_route=\/wp\/v2\/pages\/1194\/revisions\/1196"}],"wp:attachment":[{"href":"https:\/\/www.petlif.ufscar.br\/index.php?rest_route=%2Fwp%2Fv2%2Fmedia&parent=1194"}],"curies":[{"name":"wp","href":"https:\/\/api.w.org\/{rel}","templated":true}]}}