{"id":5,"date":"2018-10-19T09:34:22","date_gmt":"2018-10-19T12:34:22","guid":{"rendered":"http:\/\/www.petlif.ufscar.br\/?page_id=5"},"modified":"2026-03-30T17:21:30","modified_gmt":"2026-03-30T20:21:30","slug":"pagina-inicial","status":"publish","type":"page","link":"https:\/\/www.petlif.ufscar.br\/","title":{"rendered":"P\u00e1gina inicial"},"content":{"rendered":"<p>Bem-vindo(a) ao seu site! Est\u00e1 \u00e9 sua p\u00e1gina inicial, que \u00e9 a p\u00e1gina que a maioria dos visitantes vai ver quando acessarem o seu site pela primeira vez.<\/p>\n","protected":false},"excerpt":{"rendered":"<p>Bem-vindo(a) ao seu site! Est\u00e1 \u00e9 sua p\u00e1gina inicial, que \u00e9 a p\u00e1gina que a maioria dos visitantes vai ver quando acessarem o seu site pela primeira vez.<\/p>\n","protected":false},"author":1,"featured_media":0,"parent":0,"menu_order":0,"comment_status":"closed","ping_status":"closed","template":"","meta":[],"_links":{"self":[{"href":"https:\/\/www.petlif.ufscar.br\/index.php?rest_route=\/wp\/v2\/pages\/5"}],"collection":[{"href":"https:\/\/www.petlif.ufscar.br\/index.php?rest_route=\/wp\/v2\/pages"}],"about":[{"href":"https:\/\/www.petlif.ufscar.br\/index.php?rest_route=\/wp\/v2\/types\/page"}],"author":[{"embeddable":true,"href":"https:\/\/www.petlif.ufscar.br\/index.php?rest_route=\/wp\/v2\/users\/1"}],"replies":[{"embeddable":true,"href":"https:\/\/www.petlif.ufscar.br\/index.php?rest_route=%2Fwp%2Fv2%2Fcomments&post=5"}],"version-history":[{"count":1,"href":"https:\/\/www.petlif.ufscar.br\/index.php?rest_route=\/wp\/v2\/pages\/5\/revisions"}],"predecessor-version":[{"id":12,"href":"https:\/\/www.petlif.ufscar.br\/index.php?rest_route=\/wp\/v2\/pages\/5\/revisions\/12"}],"wp:attachment":[{"href":"https:\/\/www.petlif.ufscar.br\/index.php?rest_route=%2Fwp%2Fv2%2Fmedia&parent=5"}],"curies":[{"name":"wp","href":"https:\/\/api.w.org\/{rel}","templated":true}]}}