{"id":693,"date":"2020-08-14T14:58:18","date_gmt":"2020-08-14T17:58:18","guid":{"rendered":"http:\/\/www.petlif.ufscar.br\/?page_id=693"},"modified":"2023-01-23T11:56:46","modified_gmt":"2023-01-23T14:56:46","slug":"pet-indica","status":"publish","type":"page","link":"https:\/\/www.petlif.ufscar.br\/?page_id=693","title":{"rendered":"Clube de Cinema e Literatura"},"content":{"rendered":"\t\t<div data-elementor-type=\"wp-page\" data-elementor-id=\"693\" class=\"elementor elementor-693\" data-elementor-settings=\"[]\">\n\t\t\t<div class=\"elementor-inner\">\n\t\t\t\t<div class=\"elementor-section-wrap\">\n\t\t\t\t\t\t\t<section class=\"elementor-element elementor-element-11038259 elementor-section-boxed elementor-section-height-default elementor-section-height-default elementor-section elementor-top-section\" data-id=\"11038259\" data-element_type=\"section\">\n\t\t\t\t\t\t<div class=\"elementor-container elementor-column-gap-default\">\n\t\t\t\t<div class=\"elementor-row\">\n\t\t\t\t<div class=\"elementor-element elementor-element-25a1bd46 elementor-column elementor-col-100 elementor-top-column\" data-id=\"25a1bd46\" data-element_type=\"column\">\n\t\t\t<div class=\"elementor-column-wrap  elementor-element-populated\">\n\t\t\t\t\t<div class=\"elementor-widget-wrap\">\n\t\t\t\t<div class=\"elementor-element elementor-element-42525536 elementor-widget elementor-widget-text-editor\" data-id=\"42525536\" data-element_type=\"widget\" data-widget_type=\"text-editor.default\">\n\t\t\t\t<div class=\"elementor-widget-container\">\n\t\t\t\t\t<div class=\"elementor-text-editor elementor-clearfix\"><p><!-- wp:themeisle-blocks\/advanced-columns {\"id\":\"wp-block-themeisle-blocks-advanced-columns-0e553135\",\"columns\":1,\"layout\":\"equal\",\"columnsGap\":\"nogap\",\"paddingType\":\"unlinked\",\"paddingTypeTablet\":\"unlinked\",\"paddingTablet\":40,\"paddingMobile\":20,\"paddingTop\":80,\"paddingTopTablet\":40,\"paddingTopMobile\":20,\"paddingRightTablet\":20,\"paddingBottom\":80,\"paddingBottomTablet\":40,\"paddingLeftTablet\":20,\"marginMobile\":0,\"marginTop\":0,\"marginTopTablet\":0,\"marginTopMobile\":0,\"marginBottom\":0,\"marginBottomTablet\":0,\"marginBottomMobile\":0,\"columnsWidth\":1170,\"horizontalAlign\":\"center\",\"verticalAlign\":\"flex-start\",\"backgroundColor\":\"#ffffff\",\"columnsHTMLTag\":\"section\",\"align\":\"full\"} --><\/p>\n<section>\n<div>&nbsp;<\/div>\n<div>\n<p><!-- wp:themeisle-blocks\/advanced-column {\"id\":\"wp-block-themeisle-blocks-advanced-column-16bf3481\",\"padding\":0,\"paddingTablet\":0,\"paddingMobile\":0,\"marginTop\":0,\"marginBottom\":0,\"columnWidth\":\"100\"} --><\/p>\n<div>\n<p><!-- wp:themeisle-blocks\/advanced-columns {\"id\":\"wp-block-themeisle-blocks-advanced-columns-dabde377\",\"columns\":2,\"layout\":\"equal\",\"layoutMobile\":\"collapsedRows\",\"columnsGap\":\"nogap\",\"padding\":0,\"paddingTablet\":0,\"paddingMobile\":0,\"paddingTop\":80,\"paddingTopTablet\":40,\"paddingTopMobile\":20,\"paddingRightTablet\":20,\"paddingBottom\":80,\"paddingBottomTablet\":40,\"paddingLeftTablet\":20,\"marginMobile\":0,\"marginTop\":0,\"marginTopTablet\":0,\"marginTopMobile\":0,\"marginBottom\":0,\"marginBottomTablet\":0,\"marginBottomMobile\":0,\"columnsWidth\":1170,\"horizontalAlign\":\"center\",\"verticalAlign\":\"flex-start\",\"columnsHTMLTag\":\"section\"} --><\/p>\n<section>\n<div>&nbsp;<\/div>\n<div>\n<div>\n<section>\n<div>\n<div>\n<h2>Contos de fic\u00e7\u00e3o cient\u00edfica<\/h2>\n<p><\/p>\n<p><em>O grupo Pet possui, entre as suas atividades, a leitura e discuss\u00e3o de contos de fic\u00e7\u00e3o cient\u00edfica. Como resultado, elaboramos resenhas dos contos, que disponibilizamos aqui.<\/em><\/p>\n<p><\/p>\n<\/div>\n<\/div>\n<\/section>\n<section>\n<div>\n<div>\n<h3><strong>A Ultima Pergunta<\/strong><\/h3>\n<div>\n<p align=\"justify\"><span style=\"font-family: Arial, serif;\"><span style=\"font-size: medium;\">Com a lenta e inevit\u00e1vel \u201cmorte\u201d do Sol, os humanos apostam na cria\u00e7\u00e3o de tecnologias que consigam garantir a exist\u00eancia da esp\u00e9cie&#8230;<\/span><\/span><\/p>\n<p align=\"justify\"><a style=\"background-color: #ffffff; text-align: left; font-size: 1.6rem;\" href=\"http:\/\/petlif.ufscar.br\/?page_id=776\" target=\"_self\" rel=\"noopener noreferrer\">Leia Mais<\/a><\/p>\n<h3 style=\"font-family: Roboto, sans-serif; color: #180d0d; font-style: normal; font-variant-ligatures: normal; font-variant-caps: normal;\"><b>Historia da sua vida<\/b><\/h3>\n<div><span style=\"color: #000000; font-family: Arial; font-style: normal; font-weight: 400; text-align: justify; white-space: pre-wrap;\"> Louise Banks \u00e9 chamada por militares para fazer parte de um grupo com a finalidade de estabelecer contato com seres alien\u00edgenas, nominados de hept\u00e1podes&#8230;<\/span><\/div>\n<div><span style=\"color: #000000; font-family: Arial; font-style: normal; font-weight: 400; text-align: justify; white-space: pre-wrap;\">&nbsp;<\/span><\/div>\n<p align=\"justify\"><a href=\"https:\/\/www.petlif.ufscar.br\/?page_id=887\">Leia Mais<\/a><\/p>\n<\/div>\n<\/div>\n<div>\n<h3><strong>Filhos de Sangue<\/strong><\/h3>\n<p>&#8230;A hist\u00f3ria se passa em um futuro no qual um grupo de humanos, fugindo de conflitos com membros da pr\u00f3pria esp\u00e9cie, abandonaram a Terra e passaram a viver num planeta habitado por seres denominados Tlic&#8230;<\/p>\n<p><a href=\"http:\/\/petlif.ufscar.br\/?page_id=754\" target=\"_self\" rel=\"noopener noreferrer\">Leia Mais<\/a><\/p>\n<div>\n<div>&nbsp;<\/div>\n<\/div>\n<\/div>\n<div>\n<h3><strong>Eu Rob\u00f4<\/strong><\/h3>\n<div><strong><span style=\"color: #404040; font-family: Lato, Helvetica, sans-serif; font-style: normal; text-align: justify;\">Gregory Powell e Mike Donavan s\u00e3o dois funcion\u00e1rios que trabalham na Esta\u00e7\u00e3o Solar n\u00b0 5 fazendo a manuten\u00e7\u00e3o do Diretor de Raios, equipamento que direciona as tempestades solares para coletores de energia na Terra e outros planetas<\/span><br><\/strong><\/div>\n<p><a style=\"background-color: #ffffff; font-family: Roboto, sans-serif; font-weight: 400; font-style: normal;\" href=\"https:\/\/www.petlif.ufscar.br\/?page_id=972\" target=\"_self\" rel=\"noopener noreferrer\">Leia Mais<\/a><\/p>\n<\/div>\n<\/div>\n<\/section>\n<h3 style=\"font-family: Roboto, sans-serif; color: #180d0d; font-style: normal; font-variant-ligatures: normal; font-variant-caps: normal;\"><b>All You Zombies<\/b><\/h3>\n<div><span style=\"color: #404040; font-family: Lato, Helvetica, sans-serif; font-style: normal; font-weight: 400; text-align: justify;\">&#8230;O barista oferece \u00e0 M\u00e3e Solteira uma oportunidade de acertar as contas com aquele culpado por toda a desgra\u00e7a de sua vida em troca de que pense a respeito de um emprego de agente temporal &#8230;.<\/span><b><br><\/b><\/div>\n<div><span style=\"color: #e56252; font-family: Roboto, sans-serif; font-style: normal; font-weight: 400; text-align: justify;\"><a href=\"https:\/\/www.petlif.ufscar.br\/?page_id=988&amp;preview=true\">Leia Mais<\/a><\/span><b><br><\/b><\/div>\n<div>&nbsp;<\/div>\n<div>&nbsp;<\/div>\n<div>\n<h3 style=\"font-family: Roboto, sans-serif; color: #180d0d; font-style: normal; font-variant-ligatures: normal; font-variant-caps: normal;\"><span style=\"font-weight: bold;\">Aqueles que abandonam Omelas<\/span><\/h3>\n<\/div>\n<div>&nbsp;&#8230;<span style=\"color: #404040; font-family: Lato, Helvetica, sans-serif; font-style: normal; font-weight: 400; text-align: justify; font-size: 1.6rem;\">Le Guin cria um planeta onde os seres humanos n\u00e3o t\u00eam g\u00eanero fixo, ou em \u201cOs despossu\u00eddos\u201d&#8230;<\/span><\/div>\n<div>&nbsp;<\/div>\n<div><a style=\"background-color: #ffffff; font-family: Roboto, sans-serif; font-weight: 400; font-style: normal; text-align: justify;\" href=\"https:\/\/www.petlif.ufscar.br\/?page_id=996\">Leia Mais<\/a><\/div>\n<div>&nbsp;<\/div>\n<div>\n<h3 style=\"font-family: Roboto, sans-serif; color: #180d0d; font-style: normal; font-variant-ligatures: normal; font-variant-caps: normal;\"><span style=\"font-weight: bold;\">Aranha, a artista<\/span><\/h3>\n<div style=\"font-family: Roboto, sans-serif; font-weight: 400; font-style: normal;\"><span style=\"font-weight: normal;\"><span style=\"font-size: 12pt; font-family: Arial; color: #000000; background-color: transparent; font-weight: 400; font-style: normal; font-variant-numeric: normal; font-variant-east-asian: normal; white-space: pre-wrap;\">&#8230;um futuro dist\u00f3pico, em que humanos e rob\u00f4s habitam uma aldeia de explora\u00e7\u00e3o de petr\u00f3leo. A conviv\u00eancia entre os seres \u00e9 marcada pela hostilidade em meio aos brutais assassinatos dos habitantes pelas \u201cm\u00e3os\u201d dos <\/span><span style=\"font-size: 12pt; font-family: Arial; color: #000000; background-color: transparent; font-weight: 400; font-style: italic; font-variant-numeric: normal; font-variant-east-asian: normal; white-space: pre-wrap;\">Zumbis&#8230;<\/span><\/span><span style=\"font-weight: bold;\"><br><\/span><\/div>\n<div style=\"font-family: Roboto, sans-serif; font-weight: 400; font-style: normal;\"><span style=\"font-weight: normal;\"><span style=\"font-size: 12pt; font-family: Arial; color: #000000; background-color: transparent; font-weight: 400; font-style: italic; font-variant-numeric: normal; font-variant-east-asian: normal; white-space: pre-wrap;\">&nbsp;<\/span><\/span><\/div>\n<div style=\"font-family: Roboto, sans-serif; font-weight: 400; font-style: normal;\"><span style=\"font-family: Roboto, sans-serif; font-weight: 400; font-style: normal; color: #e56252; text-align: justify;\"><a href=\"https:\/\/www.petlif.ufscar.br\/?page_id=1018\">Leia Mai<\/a>s<\/span><\/div>\n<\/div>\n<h3 style=\"font-family: Roboto, sans-serif; color: #180d0d; font-style: normal; font-variant-ligatures: normal; font-variant-caps: normal;\"><span style=\"font-weight: bold;\">&nbsp;<\/span><\/h3>\n<h3 style=\"font-family: Roboto, sans-serif; color: #180d0d; font-style: normal; font-variant-ligatures: normal; font-variant-caps: normal;\"><span style=\"font-weight: bold;\">Sons da Fala<\/span><\/h3>\n<div style=\"font-family: Roboto, sans-serif; font-weight: 400; font-style: normal;\">\n<p><span style=\"font-weight: normal;\"><span style=\"font-family: Arial; font-weight: 400; font-style: normal; font-size: 12pt; color: #000000; background-color: transparent; font-variant-numeric: normal; font-variant-east-asian: normal; white-space: pre-wrap;\">&#8230;um futuro dist\u00f3pico, em que humanos e rob\u00f4s habitam uma aldeia de explora\u00e7\u00e3o de petr\u00f3leo. A conviv\u00eancia entre os seres \u00e9 marcada pela hostilidade em meio aos brutais assassinatos dos habitantes pelas \u201cm\u00e3os\u201d dos <\/span><span style=\"font-family: Arial; font-weight: 400; font-style: italic; font-size: 12pt; color: #000000; background-color: transparent; font-variant-numeric: normal; font-variant-east-asian: normal; white-space: pre-wrap;\">Zumbis&#8230;<\/span><\/span><span style=\"font-weight: bold;\"><br><\/span><\/p>\n<\/div>\n<div style=\"font-family: Roboto, sans-serif; font-weight: 400; font-style: normal;\"><span style=\"font-family: Roboto, sans-serif; font-weight: 400; font-style: normal; color: #e56252; text-align: justify;\"><a href=\"https:\/\/www.petlif.ufscar.br\/?page_id=1025\">Leia Mais<\/a><\/span><\/div>\n<div style=\"font-family: Roboto, sans-serif; font-weight: 400; font-style: normal;\">&nbsp;<\/div>\n<\/div>\n<\/div>\n<div>\n<h3 style=\"font-weight: inherit;\"><b><span style=\"font-style: inherit;\">Um conto de Natal<\/span><\/b><\/h3>\n<p style=\"font-weight: inherit; font-style: inherit;\"><span style=\"font-weight: normal;\"><span style=\"font-size: 12pt; font-family: Arial; color: #000000; font-weight: 400; font-style: normal; font-variant-numeric: normal; font-variant-east-asian: normal; white-space: pre-wrap;\">&#8230;O conto passa-se em um futuro em que datas comemorativas se tornam marcas registradas. No caso do Natal, todas as festas oficiais e legalizadas s\u00e3o organizadas pela empresa NatividadeCo&#8230;<\/span><\/span><b><span style=\"font-style: inherit;\"><br><\/span><\/b><\/p>\n<p style=\"font-weight: 400;\"><b><span style=\"font-style: inherit;\">&nbsp;<\/span><\/b><a style=\"background-color: #ffffff; font-size: 1.6rem;\" href=\"https:\/\/www.petlif.ufscar.br\/?page_id=1032\">Leia Mais<\/a><\/p>\n<h3 style=\"font-family: Roboto, sans-serif; color: #180d0d; font-style: normal; font-variant-ligatures: normal; font-variant-caps: normal;\"><b>O Conto Hanrrison Bergeron e o Nivelador Geral Brasileiro<\/b><\/h3>\n<p style=\"font-family: Roboto, sans-serif;\"><span style=\"font-weight: normal;\"><span style=\"font-size: 12pt; font-family: Arial; color: #000000; background-color: transparent; font-weight: 400; font-style: normal; font-variant-numeric: normal; font-variant-east-asian: normal; white-space: pre-wrap;\">Nessa distopia, que se passa em 2081, o autor descreve uma realidade em que as pessoas s\u00e3o controladas de tal forma que todas elas tenham as mesmas caracter\u00edsticas&#8230;.<\/span><\/span><span style=\"font-weight: bold;\"><br><\/span><\/p>\n<p style=\"font-family: Roboto, sans-serif; font-weight: 400; font-style: normal;\"><span style=\"font-weight: bold;\">&nbsp;<\/span><a style=\"background-color: #ffffff; font-size: 1.6rem;\" href=\"https:\/\/www.petlif.ufscar.br\/?page_id=1076\">Leia Mais<\/a><\/p>\n<\/div>\n<div>\n<div>\n<div style=\"font-family: Roboto, sans-serif; font-weight: 400; font-style: normal;\">&nbsp;<\/div>\n<h3 style=\"font-family: Roboto, sans-serif; color: #180d0d; font-style: normal; font-variant-ligatures: normal; font-variant-caps: normal;\"><span style=\"font-weight: bold;\">O Dia Antes Da Revolu\u00e7\u00e3o<\/span><\/h3>\n<p style=\"font-family: Roboto, sans-serif; font-weight: 400; font-style: normal;\"><span style=\"font-weight: normal;\"><span style=\"font-size: 12pt;\">&nbsp;Urras, um dos planetas desse universo, \u00e9 dominado por duas pot\u00eancias: A-Io, um estado capitalista patriarcal e Thu, um regime autorit\u00e1rio socialista. <\/span><\/span><span style=\"font-weight: bold;\"><br><\/span><\/p>\n<p style=\"font-family: Roboto, sans-serif; font-weight: 400; font-style: normal;\"><span style=\"font-weight: bold;\">&nbsp;<\/span><a style=\"background-color: #ffffff; font-size: 1.6rem;\" href=\"https:\/\/www.petlif.ufscar.br\/?page_id=1086\">Leia Mais<\/a><\/p>\n<div style=\"font-family: Roboto, sans-serif; font-weight: 400; font-style: normal;\">&nbsp;<\/div>\n<h3 style=\"font-family: Roboto, sans-serif; color: #180d0d; font-style: normal; font-variant-ligatures: normal; font-variant-caps: normal;\"><span style=\"font-weight: bold;\">&#8220;O Crime do Professor de matem\u00e1tica&#8221;&nbsp;<\/span><\/h3>\n<p style=\"font-family: Roboto, sans-serif; font-weight: 400; font-style: normal;\"><span style=\"font-weight: bold;\"><span style=\"font-weight: 400;\">No alto de uma colina, em completo isolamento e solid\u00e3o, um professor de matem\u00e1tica tenta lidar com um profundo sentimento de culpa&#8230;<\/span><\/span><\/p>\n<p style=\"font-family: Roboto, sans-serif; font-weight: 400; font-style: normal;\"><span style=\"font-weight: bold;\">&nbsp;<\/span><a style=\"background-color: #ffffff; font-size: 1.6rem;\" href=\"https:\/\/www.petlif.ufscar.br\/?page_id=1164\">Leia Mais<\/a><\/p>\n<div style=\"font-family: Roboto, sans-serif; font-weight: 400; font-style: normal;\">&nbsp;<\/div>\n<h3 style=\"font-family: Roboto, sans-serif; color: #180d0d; font-style: normal; font-variant-ligatures: normal; font-variant-caps: normal;\"><span style=\"font-weight: bold;\">&#8220;F\u00eanix Brilhante- Uma Resenha&#8221;&nbsp;<\/span><\/h3>\n<p style=\"font-family: Roboto, sans-serif; font-weight: 400; font-style: normal;\"><span style=\"background-color: transparent; color: #000000; font-family: 'Times New Roman'; font-size: 12pt; font-style: normal; font-weight: 400; white-space: pre-wrap; text-align: left;\">Esse ambiente at\u00edpico serve como pano de fundo para passar a mensagem de uma sociedade que \u00e9 ideal e<\/span><span style=\"font-weight: bold;\"><span style=\"font-weight: 400;\">&#8230;<\/span><\/span><\/p>\n<p style=\"font-family: Roboto, sans-serif; font-weight: 400; font-style: normal;\"><span style=\"font-weight: bold;\">&nbsp;<\/span><a style=\"background-color: #ffffff; font-size: 1.6rem;\" href=\"https:\/\/www.petlif.ufscar.br\/?page_id=1182\">Leia Mais<\/a><\/p>\n<h3><b>A porta no Muro<\/b><\/h3>\n<div><span style=\"font-weight: normal;\"><span style=\"font-size: 13pt; font-family: Cambria, serif; color: #000000; background-color: transparent; font-weight: 400; font-style: normal; font-variant-numeric: normal; font-variant-east-asian: normal; white-space: pre-wrap;\">Mesmo tendo um futuro bem sucedido e com v\u00e1rias conquistas, na narrativa fica percept\u00edvel que n\u00e3o era isso que ele almejava de verdade<\/span><\/span><b><br><\/b><\/div>\n<div><span style=\"font-weight: normal;\"><span style=\"font-size: 13pt; font-family: Cambria, serif; color: #000000; background-color: transparent; font-weight: 400; font-style: normal; font-variant-numeric: normal; font-variant-east-asian: normal; white-space: pre-wrap;\">&nbsp;<\/span><\/span><\/div>\n<div><span style=\"font-family: Roboto, sans-serif; font-weight: bold; font-style: normal; text-align: justify;\">&nbsp;<\/span><a style=\"background-color: #ffffff; color: #cb4332; font-family: Roboto, sans-serif; font-weight: 400; font-style: normal; font-size: 1.6rem; text-align: justify;\" href=\"https:\/\/www.petlif.ufscar.br\/?page_id=1212\">Leia Mais<\/a><span style=\"font-weight: normal;\"><span style=\"font-size: 13pt; font-family: Cambria, serif; color: #000000; background-color: transparent; font-weight: 400; font-style: normal; font-variant-numeric: normal; font-variant-east-asian: normal; white-space: pre-wrap;\"><br><\/span><\/span><\/div>\n<div>&nbsp;<\/div>\n<h3 style=\"font-family: Roboto, sans-serif; color: #180d0d; font-style: normal; font-variant-ligatures: normal; font-variant-caps: normal;\">&nbsp;<\/h3>\n<p style=\"text-align: left; font-style: normal;\"><span style=\"font-family: Montserrat, Helvetica, sans-serif;\"><span style=\"font-size: 26px;\"><b>Filmes de Fic\u00e7\u00e3o Cient\u00edfica&nbsp;<\/b><\/span><\/span><\/p>\n<h3 style=\"font-family: Roboto, sans-serif; color: #180d0d; font-style: normal; font-variant-ligatures: normal; font-variant-caps: normal;\"><span style=\"font-weight: bold;\">&#8220;O Vingador do Futuro&#8221;&nbsp;<\/span><\/h3>\n<p style=\"font-family: Roboto, sans-serif; font-weight: 400; font-style: normal;\"><span style=\"font-family: Arial; font-weight: 400; font-style: normal; background-color: transparent; color: #000000; font-size: 12pt; white-space: pre-wrap; text-align: left;\">Lori Quaid (Sharon Stone), esposa de Doug, recusa a ideia de uma viagem interplanet\u00e1ria e Doug decide fazer um implante totalmente realista de mem\u00f3ria de uma viagem a Marte<\/span><span style=\"font-weight: bold;\"><span style=\"font-weight: 400;\">&#8230;<\/span><\/span><\/p>\n<p style=\"font-family: Roboto, sans-serif; font-weight: 400; font-style: normal;\"><span style=\"font-weight: bold;\">&nbsp;<\/span><a style=\"background-color: #ffffff; font-size: 1.6rem;\" href=\"https:\/\/www.petlif.ufscar.br\/?page_id=1187\">Leia Mais<\/a><\/p>\n<h3 style=\"font-family: Roboto, sans-serif; color: #180d0d; font-style: normal; font-variant-ligatures: normal; font-variant-caps: normal;\"><span style=\"font-weight: bold;\">&#8220;Akira(1988)&#8221;&nbsp;<\/span><\/h3>\n<p style=\"font-family: Roboto, sans-serif; font-weight: 400; font-style: normal;\"><span style=\"color: #1e1e1e; font-family: 'Noto Serif'; font-style: normal; font-weight: 400; white-space: pre-wrap; text-align: left; font-size: 1.6rem;\">O que ningu\u00e9m esperava era que esses testes fossem despertar coisas ocultas em seu corpo, que desencadeiam trag\u00e9dias e conflitos para seus colegas de gangue e inseguran\u00e7a para Neo-T\u00f3quio.<\/span><span style=\"font-weight: bold;\"><span style=\"font-weight: 400;\">&#8230;<\/span><\/span><\/p>\n<p style=\"font-family: Roboto, sans-serif; font-weight: 400; font-style: normal;\"><span style=\"font-family: Roboto, sans-serif; font-weight: bold; font-style: normal;\">&nbsp;<\/span><a style=\"background-color: #ffffff; font-family: Roboto, sans-serif; font-weight: 400; font-style: normal; font-size: 1.6rem;\" href=\"https:\/\/www.petlif.ufscar.br\/?page_id=1194\">Leia Mais<\/a><span style=\"font-weight: bold;\"><span style=\"font-weight: 400;\"><br><\/span><\/span><\/p>\n<h3><b>Ghost In The Shell, Humanidade, Identidade e Contemporaneidade<\/b><\/h3><div><span style=\"font-weight:normal;\"><span style=\"font-size: 11pt; font-family: Arial; color: rgb(0, 0, 0); background-color: transparent; font-weight: 400; font-style: normal; font-variant-numeric: normal; font-variant-east-asian: normal; white-space: pre-wrap;\">&nbsp;trama se desenvolve em meio a uma investiga\u00e7\u00e3o que a major e sua equipe conduzem para tentar capturar um criminoso internacional &#8230;<\/span><\/span><b><br><\/b><\/div>\n<div><b><br><\/b><\/div>\n<div><span style=\"font-family: Roboto, sans-serif; font-weight: bold; font-style: normal; text-align: justify;\">&nbsp;<\/span><a style=\"background-color: #ffffff; font-family: Roboto, sans-serif; font-weight: 400; font-style: normal; font-size: 1.6rem; text-align: justify;\" href=\"https:\/\/www.petlif.ufscar.br\/?page_id=1215\">Leia Mais<\/a><b><br><\/b><\/div>\n<div><b>&nbsp;<\/b><\/div>\n<\/div>\n<\/div>\n<\/section>\n<section>\n<div>\n<div>\n<div>\n<p><!-- \/wp:themeisle-blocks\/button --><\/p>\n<\/div>\n<p><!-- \/wp:themeisle-blocks\/button-group --><\/p>\n<\/div>\n<p><!-- \/wp:themeisle-blocks\/advanced-column --><\/p>\n<\/div>\n<\/section>\n<p><!-- \/wp:themeisle-blocks\/advanced-columns --><\/p>\n<\/div>\n<p><!-- \/wp:themeisle-blocks\/advanced-column --><\/p>\n<\/div>\n<\/section>\n<p><!-- \/wp:themeisle-blocks\/advanced-columns --><\/p><\/div>\n\t\t\t\t<\/div>\n\t\t\t\t<\/div>\n\t\t\t\t\t\t<\/div>\n\t\t\t<\/div>\n\t\t<\/div>\n\t\t\t\t\t\t<\/div>\n\t\t\t<\/div>\n\t\t<\/section>\n\t\t\t\t\t\t<\/div>\n\t\t\t<\/div>\n\t\t<\/div>\n\t\t","protected":false},"excerpt":{"rendered":"","protected":false},"author":1,"featured_media":0,"parent":0,"menu_order":0,"comment_status":"open","ping_status":"closed","template":"","meta":[],"_links":{"self":[{"href":"https:\/\/www.petlif.ufscar.br\/index.php?rest_route=\/wp\/v2\/pages\/693"}],"collection":[{"href":"https:\/\/www.petlif.ufscar.br\/index.php?rest_route=\/wp\/v2\/pages"}],"about":[{"href":"https:\/\/www.petlif.ufscar.br\/index.php?rest_route=\/wp\/v2\/types\/page"}],"author":[{"embeddable":true,"href":"https:\/\/www.petlif.ufscar.br\/index.php?rest_route=\/wp\/v2\/users\/1"}],"replies":[{"embeddable":true,"href":"https:\/\/www.petlif.ufscar.br\/index.php?rest_route=%2Fwp%2Fv2%2Fcomments&post=693"}],"version-history":[{"count":77,"href":"https:\/\/www.petlif.ufscar.br\/index.php?rest_route=\/wp\/v2\/pages\/693\/revisions"}],"predecessor-version":[{"id":1290,"href":"https:\/\/www.petlif.ufscar.br\/index.php?rest_route=\/wp\/v2\/pages\/693\/revisions\/1290"}],"wp:attachment":[{"href":"https:\/\/www.petlif.ufscar.br\/index.php?rest_route=%2Fwp%2Fv2%2Fmedia&parent=693"}],"curies":[{"name":"wp","href":"https:\/\/api.w.org\/{rel}","templated":true}]}}