{"id":80,"date":"2021-06-01T00:00:00","date_gmt":"2021-06-01T03:00:00","guid":{"rendered":"http:\/\/www.petlif.ufscar.br\/?page_id=80"},"modified":"2026-04-01T17:29:49","modified_gmt":"2026-04-01T20:29:49","slug":"processo-seletivo","status":"publish","type":"page","link":"https:\/\/www.petlif.ufscar.br\/?page_id=80","title":{"rendered":"Processo seletivo"},"content":{"rendered":"\t\t<div data-elementor-type=\"wp-page\" data-elementor-id=\"80\" class=\"elementor elementor-80\" data-elementor-settings=\"[]\">\n\t\t\t<div class=\"elementor-inner\">\n\t\t\t\t<div class=\"elementor-section-wrap\">\n\t\t\t\t\t\t\t<section class=\"elementor-element elementor-element-547b3d69 elementor-section-boxed elementor-section-height-default elementor-section-height-default elementor-section elementor-top-section\" data-id=\"547b3d69\" data-element_type=\"section\">\n\t\t\t\t\t\t<div class=\"elementor-container elementor-column-gap-default\">\n\t\t\t\t<div class=\"elementor-row\">\n\t\t\t\t<div class=\"elementor-element elementor-element-7b0e95e2 elementor-column elementor-col-100 elementor-top-column\" data-id=\"7b0e95e2\" data-element_type=\"column\">\n\t\t\t<div class=\"elementor-column-wrap  elementor-element-populated\">\n\t\t\t\t\t<div class=\"elementor-widget-wrap\">\n\t\t\t\t<div class=\"elementor-element elementor-element-5ad9bb0b elementor-widget elementor-widget-text-editor\" data-id=\"5ad9bb0b\" data-element_type=\"widget\" data-widget_type=\"text-editor.default\">\n\t\t\t\t<div class=\"elementor-widget-container\">\n\t\t\t\t\t<div class=\"elementor-text-editor elementor-clearfix\"><p><!-- wp:paragraph --><\/p>\n<p><strong>Aberto:<\/strong><\/p>\n<p><span style=\"color: #ff0000;\"><em>Nenhum processo seletivo aberto no momento.<\/em><\/span><\/p>\n<p><!-- \/wp:list --><!-- wp:paragraph --><\/p>\n<p><mark>Fique atento:<\/mark> Os links para cada etapa do processo seletivo ser\u00e3o disponibilizados neste site segundo as datas no edital.<\/p>\n<p><!-- \/wp:paragraph --><!-- wp:paragraph --><\/p>\n<p><span style=\"color: #ff0000;\"><em>Importante: para efetivar a inscri\u00e7\u00e3o, al\u00e9m de ler atentamente o edital, os candidatos e as candidatas dever\u00e3o preencher o formul\u00e1rio de inscri\u00e7\u00e3o, com os dados solicitado.<\/em><br \/><\/span><\/p>\n<p><!-- \/wp:paragraph --><!-- wp:paragraph --><\/p>\n<p>Para mais detalhes sobre o funcionamento do Programa de Educa\u00e7\u00e3o Tutorial voc\u00ea pode acessar as seguintes portarias:<\/p>\n<p><!-- \/wp:paragraph --><!-- wp:list --><\/p>\n<ul>\n<li>PORTARIA N\u00ba 976, DE 27 DE JULHO DE 2010: <a href=\"https:\/\/drive.google.com\/file\/d\/1La8a68F-ycBDNftu9odYkcox9EItVWoY\/view?usp=sharing\" target=\"_blank\" rel=\"noopener noreferrer\">Clique aqui<\/a><\/li>\n<li>PORTARIA N\u00ba 343, DE 24 DE ABRIL DE 2013: <a href=\"https:\/\/drive.google.com\/file\/d\/1W4lkBPORvd5rnFW8NGELC7-mK9pYErFu\/view?usp=drive_link\" target=\"_blank\" rel=\"noopener noreferrer\">Clique aqui<\/a><\/li>\n<\/ul>\n<p><!-- \/wp:list --><!-- wp:separator --><\/p>\n<p><b>Encerrados:<br \/><\/b><\/p>\n<p style=\"font-family: Roboto, sans-serif; font-weight: 400; font-style: normal;\"><strong>Processo seletivo de novos membros discentes (2026.1) &#8211; Mar\u00e7o de 2026<\/strong><\/p>\n<p style=\"font-family: Roboto, sans-serif; font-weight: 400; font-style: normal;\">\u00a0<\/p>\n<ul style=\"font-family: Roboto, sans-serif; font-weight: 400; font-style: normal;\">\n<li>Edital 2026.1:\u00a0<a style=\"transition-property: all;\" href=\"https:\/\/drive.google.com\/file\/d\/1Hd0jCBYCtdsF6Oxb5fPE1GF8C_Ttc0Vo\/view?usp=drivesdk\" target=\"_blank\" rel=\"noreferrer noopener\" data-type=\"URL\" data-id=\"https:\/\/drive.google.com\/file\/d\/1lUa2N0NEU9B7mw_zaKtDXjjVON5yE0Bx\/view?usp=drivesdk\">Clique aqui<\/a><\/li>\n<li>Formul\u00e1rio de Inscri\u00e7\u00e3o:\u00a0<a style=\"transition-property: all;\" href=\"https:\/\/docs.google.com\/forms\/d\/e\/1FAIpQLSeQLriAasRfI1CmpwPLl203jmxxaZkk0x295yPMGaiWWm01LQ\/viewform?usp=publish-editor\">Clique aqui<\/a><\/li>\n<li>Resultado preliminar:\u00a0<a style=\"background-color: #ffffff; font-family: Roboto, sans-serif; font-weight: 400; font-style: normal; transition-property: all;\" href=\"http:\/\/www.petlif.ufscar.br\/wp-content\/uploads\/2026\/03\/ps-2026-01.jpeg\">Clique aqui<\/a><\/li>\n<li>Resultado final:\u00a0<a style=\"background-color: #ffffff; color: #cb4332; font-family: Roboto, sans-serif; font-weight: 400; font-style: normal; transition-property: all;\" href=\"http:\/\/www.petlif.ufscar.br\/wp-content\/uploads\/2026\/04\/ps-F-2026-01.jpeg\">Clique aqui<\/a><\/li>\n<\/ul>\n<hr \/>\n<p><!-- \/wp:separator --><!-- wp:paragraph --><\/p>\n<p><strong style=\"font-size: 1.6rem;\"><strong>Processo seletivo de novos membros discentes (2025.3) &#8211; Outubro\/Novembro de 2025<\/strong><\/strong><\/p>\n<p><!-- \/wp:paragraph --><!-- wp:list --><\/p>\n<ul>\n<li>Edital 2025.3: <a href=\"http:\/\/www.petlif.ufscar.br\/wp-content\/uploads\/2025\/10\/Edital_Selecao_Discente_Outubro25.pdf\" target=\"_blank\" rel=\"noreferrer noopener\">Clique aqui<\/a><\/li>\n<li>Formul\u00e1rio de Inscri\u00e7\u00e3o: <a href=\"https:\/\/forms.gle\/yWTtmC7ZEQduUnp36\" target=\"_blank\" rel=\"noreferrer noopener\">Clique aqui<\/a><\/li>\n<li>Resultado preliminar: <a href=\"http:\/\/www.petlif.ufscar.br\/wp-content\/uploads\/2025\/11\/IMG-20251118-WA0001.jpg\" target=\"_blank\" rel=\"noreferrer noopener\">Clique aqui<\/a><\/li>\n<li>Resultado final: <a href=\"http:\/\/www.petlif.ufscar.br\/wp-content\/uploads\/2025\/11\/IMG-20251118-WA0002.jpg\" target=\"_blank\" rel=\"noreferrer noopener\">Clique aqui<\/a><\/li>\n<\/ul>\n<p><!-- \/wp:list --><!-- wp:paragraph --><\/p>\n<p><strong><strong>Processo seletivo de novos membros discentes (2025.2) &#8211; Agosto\/Setembro de 2025<\/strong><\/strong><\/p>\n<p><!-- \/wp:paragraph --><!-- wp:list --><\/p>\n<ul>\n<li>Edital 2025.2: <a href=\"https:\/\/drive.google.com\/file\/d\/1DFGxPkF1s6UTT5FLEZZFUE4rZTYYy_1G\/view?usp=sharing\" target=\"_blank\" rel=\"noreferrer noopener\">Clique aqui<\/a><\/li>\n<li>Formul\u00e1rio de Inscri\u00e7\u00e3o: <strong>Encerradas<\/strong><\/li>\n<li>Resultado preliminar: <a href=\"http:\/\/www.petlif.ufscar.br\/wp-content\/uploads\/2025\/09\/Resultado-preliminar-2025.2.jpg\" target=\"_blank\" rel=\"noreferrer noopener\">Clique aqui<\/a><\/li>\n<li>Resultado final: <a href=\"http:\/\/www.petlif.ufscar.br\/wp-content\/uploads\/2025\/09\/IMG-20250918-WA0006.jpg\" target=\"_blank\" rel=\"noreferrer noopener\">Clique aqui<\/a><\/li>\n<\/ul>\n<p><!-- \/wp:list --><!-- wp:paragraph --><\/p>\n<p><strong>Processo seletivo de novos membros discentes (2025.1) &#8211; Mar\u00e7o\/Abril de 2025<\/strong><\/p>\n<p><!-- \/wp:paragraph --><!-- wp:paragraph --><\/p>\n<p>O Grupo PET-LiF comunica que, no per\u00edodo de 31\/03\/2025 \u00e0s 23h59min de 15\/04\/2025, estar\u00e3o abertas as inscri\u00e7\u00f5es para o processo seletivo de novos membros.<\/p>\n<p><!-- \/wp:paragraph --><!-- wp:list --><\/p>\n<ul>\n<li>Edital 2025.1: <a href=\"https:\/\/drive.google.com\/file\/d\/1BmnnEPWnmiw1qV2KsUCoiX_pfh3dVtMe\/view?usp=drive_link\" target=\"_blank\" rel=\"noreferrer noopener\">Clique aqui<\/a><\/li>\n<li>Formul\u00e1rio de Inscri\u00e7\u00e3o 2025.1:<strong> Encerradas<\/strong><\/li>\n<li>Resultado preliminar: <a href=\"https:\/\/drive.google.com\/file\/d\/1p9CW7lBCn--N3t11AyhTK34UQ_0bMluV\/view?usp=sharing\" target=\"_blank\" rel=\"noreferrer noopener\">Clique aqui<\/a><\/li>\n<li>Resultado final: <a href=\"http:\/\/www.petlif.ufscar.br\/wp-content\/uploads\/2025\/05\/Resultado-final-PS-04.2025-PET-LiF.jpg\" target=\"_blank\" rel=\"noreferrer noopener\">Clique aqui<\/a><\/li>\n<\/ul>\n<p><!-- \/wp:list --><!-- wp:paragraph --><\/p>\n<p><strong>Processo seletivo de novos membros discentes (2024.1) &#8211; Agosto\/Setembro de 2024<\/strong><\/p>\n<p><!-- \/wp:paragraph --><!-- wp:paragraph --><\/p>\n<p>O Grupo PET-LiF comunica que, no per\u00edodo de 15 a 25 de Agosto de 2024, estar\u00e3o abertas as inscri\u00e7\u00f5es para o processo seletivo de novos membros.<\/p>\n<p><!-- \/wp:paragraph --><!-- wp:list --><\/p>\n<ul>\n<li>Edital 2024.1: <a href=\"https:\/\/drive.google.com\/file\/d\/1UQxwdKfbw8BVnyxhVwhJwFYKFPV9blZh\/view?usp=sharing\" target=\"_blank\" rel=\"noreferrer noopener\">Clique aqui<\/a>\u00a0<\/li>\n<li>Formul\u00e1rio de inscri\u00e7\u00e3o: <a href=\"https:\/\/forms.gle\/iWLnyENe4uq1WeWt8\" target=\"_blank\" rel=\"noreferrer noopener\">Clique aqui<\/a><\/li>\n<li>Resultado preliminar: <a href=\"https:\/\/drive.google.com\/file\/d\/1hHM6SmVDkZNnp5icH7BUFp5G6z1cHlol\/view?usp=sharing\" target=\"_blank\" rel=\"noreferrer noopener\">Clique aqui<\/a><\/li>\n<li>Per\u00edodo de interposi\u00e7\u00e3o de recursos: 05 e 06 de Setembro de 2024<\/li>\n<li>Resultado final: <a href=\"https:\/\/drive.google.com\/file\/d\/1ooMqSaisRiv5ejlDpQTi6FVmYYY7UOix\/view?usp=sharing\" target=\"_blank\" rel=\"noreferrer noopener\">Clique aqui<\/a><\/li>\n<\/ul>\n<p><!-- \/wp:list --><\/p><\/div>\n\t\t\t\t<\/div>\n\t\t\t\t<\/div>\n\t\t\t\t\t\t<\/div>\n\t\t\t<\/div>\n\t\t<\/div>\n\t\t\t\t\t\t<\/div>\n\t\t\t<\/div>\n\t\t<\/section>\n\t\t\t\t\t\t<\/div>\n\t\t\t<\/div>\n\t\t<\/div>\n\t\t","protected":false},"excerpt":{"rendered":"<p>Aberto: Nenhum processo seletivo aberto no momento. Fique atento: Os links para cada etapa do processo seletivo ser\u00e3o disponibilizados neste site segundo as datas no edital. Importante: para efetivar a inscri\u00e7\u00e3o, al\u00e9m de ler atentamente o edital, os candidatos e as candidatas dever\u00e3o preencher o formul\u00e1rio de inscri\u00e7\u00e3o, com os dados solicitado. Para mais detalhes <a href=\"https:\/\/www.petlif.ufscar.br\/?page_id=80\" rel=\"nofollow\"><span class=\"sr-only\">Leia mais sobreProcesso seletivo<\/span>[&hellip;]<\/a><\/p>\n","protected":false},"author":3,"featured_media":0,"parent":0,"menu_order":0,"comment_status":"closed","ping_status":"closed","template":"","meta":[],"_links":{"self":[{"href":"https:\/\/www.petlif.ufscar.br\/index.php?rest_route=\/wp\/v2\/pages\/80"}],"collection":[{"href":"https:\/\/www.petlif.ufscar.br\/index.php?rest_route=\/wp\/v2\/pages"}],"about":[{"href":"https:\/\/www.petlif.ufscar.br\/index.php?rest_route=\/wp\/v2\/types\/page"}],"author":[{"embeddable":true,"href":"https:\/\/www.petlif.ufscar.br\/index.php?rest_route=\/wp\/v2\/users\/3"}],"replies":[{"embeddable":true,"href":"https:\/\/www.petlif.ufscar.br\/index.php?rest_route=%2Fwp%2Fv2%2Fcomments&post=80"}],"version-history":[{"count":92,"href":"https:\/\/www.petlif.ufscar.br\/index.php?rest_route=\/wp\/v2\/pages\/80\/revisions"}],"predecessor-version":[{"id":1870,"href":"https:\/\/www.petlif.ufscar.br\/index.php?rest_route=\/wp\/v2\/pages\/80\/revisions\/1870"}],"wp:attachment":[{"href":"https:\/\/www.petlif.ufscar.br\/index.php?rest_route=%2Fwp%2Fv2%2Fmedia&parent=80"}],"curies":[{"name":"wp","href":"https:\/\/api.w.org\/{rel}","templated":true}]}}