{"id":988,"date":"2021-03-18T16:34:02","date_gmt":"2021-03-18T19:34:02","guid":{"rendered":"http:\/\/www.petlif.ufscar.br\/?page_id=988"},"modified":"2021-03-25T00:05:49","modified_gmt":"2021-03-25T03:05:49","slug":"all-you-zombies","status":"publish","type":"page","link":"https:\/\/www.petlif.ufscar.br\/?page_id=988","title":{"rendered":"All you zombies"},"content":{"rendered":"\n<div class=\"wp-block-themeisle-blocks-advanced-columns has-1-columns has-desktop-equal-layout has-tablet-equal-layout has-mobile-equal-layout has-default-gap has-vertical-unset\" id=\"wp-block-themeisle-blocks-advanced-columns-bdac1bda\"><div class=\"wp-block-themeisle-blocks-advanced-columns-overlay\"><\/div><div class=\"innerblocks-wrap\">\n<div class=\"wp-block-themeisle-blocks-advanced-column\" id=\"wp-block-themeisle-blocks-advanced-column-b067eddd\">\n<p>Robert Anson Heinlein foi um dos mais importantes escritores de fic\u00e7\u00e3o cient\u00edfica do s\u00e9culo XX, juntamente com Arthur C. Clark e Isaac Asimov. Entre as mais relevantes obras do autor, est\u00e3o Stranger in a Strange Land (1961), Starship Troopers (1959), Double Star (1956), e The Moon is a Harsh Mistress (1966), premiadas com o Hugo Awards, um dos mais importantes pr\u00eamios da literatura fant\u00e1stica e de fic\u00e7\u00e3o cient\u00edfica. Suas obras, entre contos e romances, envolvem principalmente temas espaciais, pol\u00edtico-sociais e de avan\u00e7os tecnol\u00f3gicos que permearam a cultura da \u00e9poca e at\u00e9 hoje inspiram leitores e escritores do g\u00eanero.<\/p>\n\n\n\n<p>O conto desta resenha foi publicado na revista Fantasy and Science Fiction Magazine em 1959 e tem viagens no tempo como tem\u00e1tica, tamb\u00e9m explorada em outros contos como By His Bootstraps e The Door Into Summer. No come\u00e7o da narrativa, os leitores s\u00e3o apresentados \u00e0 M\u00e3e Solteira, um homem de vinte e cinco anos que ganha a vida escrevendo hist\u00f3rias de confiss\u00e3o para revistas, a partir de uma conversa com o barista &#8211; narrador do conto. A M\u00e3e Solteira conta sobre sua inf\u00e2ncia no orfanato onde foi abandonada e seus planos de vida at\u00e9 se apaixonar por um rapaz e dar a luz a uma menina, que foi raptada do hospital com um m\u00eas de vida, e em seguida passar por um procedimento de redesigna\u00e7\u00e3o de sexo.&nbsp;<\/p>\n\n\n\n<p>O barista oferece \u00e0 M\u00e3e Solteira uma oportunidade de acertar as contas com aquele culpado por toda a desgra\u00e7a de sua vida em troca de que pense a respeito de um emprego de agente temporal que est\u00e1 a lhe oferecer. Os agentes temporais trabalham corrigindo acontecimentos antes que eles aconte\u00e7am, como evitar explos\u00e3o de bombas e impedir o estouro de guerras a partir de pequenos \u201cremendos\u201d no tempo. Neste contexto, o leitor pode refletir sobre a linearidade &#8211; ou n\u00e3o &#8211; do tempo e sobre a a\u00e7\u00e3o de servi\u00e7os militarizados de seguran\u00e7a.<\/p>\n\n\n\n<p>Neste conto, o autor escolhe uma abordagem mais provocativa do que expositiva. Ele n\u00e3o d\u00e1 muitos detalhes sobre a corpora\u00e7\u00e3o militar para a qual os agentes temporais trabalham e nem como ou quais acontecimentos s\u00e3o remendados no tempo. Ao longo da narrativa, \u00e9 poss\u00edvel inferir que os agentes temporais trabalham evitando ou resolvendo paradoxos, mantendo assim uma concord\u00e2ncia entre passado e presente. Na adapta\u00e7\u00e3o cinematogr\u00e1fica (O Predestinado, 2014), temos a impress\u00e3o de que o servi\u00e7o secreto \u00e9 uma for\u00e7a policial que volta no tempo para consertar acontecimentos que foram alterados de alguma forma.<\/p>\n\n\n\n<p>O narrador ent\u00e3o, naquela que \u00e9 sua \u00faltima miss\u00e3o de recrutamento, leva M\u00e3e Solteira e os leitores em uma viagem temporal para momentos do passado e futuro da vida de Jane, a primeira identidade de M\u00e3e Solteira. Numa narrativa envolvente e perspicaz, Heinlein conduz o leitor \u00e0 descoberta de uma grande reviravolta na vida de Jane nos fazendo questionar sobre a exist\u00eancia ou n\u00e3o do livre arb\u00edtrio e do determinismo dos acontecimentos, personificado pela personagem principal.&nbsp; A consci\u00eancia de que est\u00e1 presa no ciclo a torna livre ou prisioneira?&nbsp;<\/p>\n\n\n\n<p>Ao final do conto, o narrador reflete sobre os acontecimentos de sua vida num mon\u00f3logo emblem\u00e1tico, que divide opini\u00f5es at\u00e9 hoje. \u201cEu sei de onde eu vim, mas de onde todos voc\u00eas, zumbis, vieram? (&#8230;) Voc\u00eas n\u00e3o est\u00e3o a\u00ed de verdade. N\u00e3o existe ningu\u00e9m al\u00e9m de mim &#8211; Jane &#8211; aqui sozinha no escuro. Sinto sua falta terrivelmente!\u201d. H\u00e1 quem diga que os zumbis s\u00e3o todas as outras pessoas que t\u00eam antepassados, sendo assim posta fora de controle sobre sua origem e destino. Ainda, h\u00e1 quem defenda que o narrador se refere a todas as outras vers\u00f5es de si mesmo que conhecera, enxergando-as dualmente como outras pessoas assim como as outras. Em qualquer um dos casos, Heinlein nos convida a refletir sobre o livre arb\u00edtrio e o determinismo das a\u00e7\u00f5es de suas personagens. Quem \u00e9 livre? Jane, por ter o poder de conduzir sua pr\u00f3pria vida ou os outros que n\u00e3o tem poder nenhum sobre os acontecimentos do mundo?<\/p>\n<\/div>\n<\/div><\/div>\n","protected":false},"excerpt":{"rendered":"","protected":false},"author":1,"featured_media":0,"parent":0,"menu_order":0,"comment_status":"closed","ping_status":"closed","template":"","meta":[],"_links":{"self":[{"href":"https:\/\/www.petlif.ufscar.br\/index.php?rest_route=\/wp\/v2\/pages\/988"}],"collection":[{"href":"https:\/\/www.petlif.ufscar.br\/index.php?rest_route=\/wp\/v2\/pages"}],"about":[{"href":"https:\/\/www.petlif.ufscar.br\/index.php?rest_route=\/wp\/v2\/types\/page"}],"author":[{"embeddable":true,"href":"https:\/\/www.petlif.ufscar.br\/index.php?rest_route=\/wp\/v2\/users\/1"}],"replies":[{"embeddable":true,"href":"https:\/\/www.petlif.ufscar.br\/index.php?rest_route=%2Fwp%2Fv2%2Fcomments&post=988"}],"version-history":[{"count":4,"href":"https:\/\/www.petlif.ufscar.br\/index.php?rest_route=\/wp\/v2\/pages\/988\/revisions"}],"predecessor-version":[{"id":1015,"href":"https:\/\/www.petlif.ufscar.br\/index.php?rest_route=\/wp\/v2\/pages\/988\/revisions\/1015"}],"wp:attachment":[{"href":"https:\/\/www.petlif.ufscar.br\/index.php?rest_route=%2Fwp%2Fv2%2Fmedia&parent=988"}],"curies":[{"name":"wp","href":"https:\/\/api.w.org\/{rel}","templated":true}]}}